{"id":16012,"date":"2026-02-24T10:56:10","date_gmt":"2026-02-24T09:56:10","guid":{"rendered":"http:\/\/pietrangelimoto.it\/wp\/?post_type=product&#038;p=16012"},"modified":"2026-02-24T10:56:20","modified_gmt":"2026-02-24T09:56:20","slug":"sym-symphony-125","status":"publish","type":"product","link":"http:\/\/pietrangelimoto.it\/wp\/product\/sym-symphony-125\/","title":{"rendered":"SYM SYMPHONY 125"},"content":{"rendered":" ","protected":false},"excerpt":{"rendered":"<p>Pensato per chi cerca un mezzo agile e maneggevole per affrontare il traffico urbano. Il design \u00e8 stato rinnovato con linee pi\u00f9 snelle e filanti, mantenendo per\u00f2 il carattere distintivo del modello. Il frontale, con fari pi\u00f9 slanciati e lo scudo affilato, gli conferisce un look moderno e accattivante. Sym Symphony Euro 5+ \u00e8 lo scooter ideale per chi cerca un mezzo affidabile, economico e divertente da guidare, perfetto per la vita in citt\u00e0.<\/p>\n<p>E\u2019 immediatamente riconoscibile per lo scudo affilato che ospita gli indicatori di direzione e le luci di posizione a LED. Non cambiano le caratteristiche di base: pedana piatta, peso contenuto, dimensioni compatte. I nuovi Symphony Euro 5+ si aggiornano prima di tutto sul piano estetico, con una silhouette pi\u00f9 snella e filante. Bauletto di serie<\/p>\n<p>*prezzo f.c*<\/p>\n<p>&#8211; acquista oggi e paga tra 6 mesi con tasso agevolato<\/p>\n<p>&#8211; finanziamenti anche a Tasso 0<\/p>\n","protected":false},"featured_media":16013,"template":"","meta":[],"_links":{"self":[{"href":"http:\/\/pietrangelimoto.it\/wp\/wp-json\/wp\/v2\/product\/16012"}],"collection":[{"href":"http:\/\/pietrangelimoto.it\/wp\/wp-json\/wp\/v2\/product"}],"about":[{"href":"http:\/\/pietrangelimoto.it\/wp\/wp-json\/wp\/v2\/types\/product"}],"wp:featuredmedia":[{"embeddable":true,"href":"http:\/\/pietrangelimoto.it\/wp\/wp-json\/wp\/v2\/media\/16013"}],"wp:attachment":[{"href":"http:\/\/pietrangelimoto.it\/wp\/wp-json\/wp\/v2\/media?parent=16012"}],"curies":[{"name":"wp","href":"https:\/\/api.w.org\/{rel}","templated":true}]}}