{"id":14911,"date":"2024-02-29T12:27:46","date_gmt":"2024-02-29T11:27:46","guid":{"rendered":"http:\/\/pietrangelimoto.it\/wp\/?post_type=product&#038;p=14911"},"modified":"2025-03-17T11:57:30","modified_gmt":"2025-03-17T10:57:30","slug":"kymco-agility-300-350","status":"publish","type":"product","link":"http:\/\/pietrangelimoto.it\/wp\/product\/kymco-agility-300-350\/","title":{"rendered":"KYMCO AGILITY 300"},"content":{"rendered":" ","protected":false},"excerpt":{"rendered":"<p>KYMCO AGILITY 300 COLORI BLU PETROLIO-ANTRACITE OPACO Agility diventa maxi. Ancora pi\u00f9 pratico e tecnologico, non delude le aspettative ed entra nel segmento top dei ruota alta. Monta cerchi di dimensioni differenti, anteriore da 16\u201d e posteriore da 14\u201d, con un grande freno a disco all&#8217;anteriore e un motore a due valvole da 276 cc raffreddato a liquido, per garantire grandi prestazioni ad un consumo minimo. Un mezzo decisamente a suo agio in citt\u00e0, ma perfetto anche per chi percorre tratti in tangenziale o in autostrada. Interessante \u00e8 la capacit\u00e0 di carico, cos\u00ec come il comfort offerto sia al conducente, sia al passeggero. Il sottosella \u00e8 in grado di ospitare ben due caschi integrali mentre la pedana, munita di tunnel, offre uno spazio comodo e ampio per sistemare i piedi in una posizione naturale. Di serie, Agility 300 offre cupolino e paramani, cos\u00ec da rendere la guida piacevole anche in condizioni meteorologiche non propriamente favorevoli.<\/p>\n<p>*prezzo f.c*<\/p>\n","protected":false},"featured_media":14918,"template":"","meta":[],"_links":{"self":[{"href":"http:\/\/pietrangelimoto.it\/wp\/wp-json\/wp\/v2\/product\/14911"}],"collection":[{"href":"http:\/\/pietrangelimoto.it\/wp\/wp-json\/wp\/v2\/product"}],"about":[{"href":"http:\/\/pietrangelimoto.it\/wp\/wp-json\/wp\/v2\/types\/product"}],"wp:featuredmedia":[{"embeddable":true,"href":"http:\/\/pietrangelimoto.it\/wp\/wp-json\/wp\/v2\/media\/14918"}],"wp:attachment":[{"href":"http:\/\/pietrangelimoto.it\/wp\/wp-json\/wp\/v2\/media?parent=14911"}],"curies":[{"name":"wp","href":"https:\/\/api.w.org\/{rel}","templated":true}]}}